{"id":263,"date":"2025-04-01T09:37:22","date_gmt":"2025-04-01T09:37:22","guid":{"rendered":"https:\/\/researchpioneers.fbk.eu\/logistica\/"},"modified":"2026-05-05T08:44:46","modified_gmt":"2026-05-05T08:44:46","slug":"logistica","status":"publish","type":"page","link":"https:\/\/researchpioneers.fbk.eu\/it\/logistica\/","title":{"rendered":"Logistica"},"content":{"rendered":"<p>[et_pb_section fb_built=&#8221;1&#8243; admin_label=&#8221;Hero&#8221; _builder_version=&#8221;4.17.6&#8243; _module_preset=&#8221;default&#8221; custom_padding=&#8221;||18px|||&#8221; locked=&#8221;off&#8221; collapsed=&#8221;on&#8221; global_colors_info=&#8221;{}&#8221;][et_pb_row column_structure=&#8221;1_2,1_2&#8243; _builder_version=&#8221;4.17.6&#8243; _module_preset=&#8221;5138c454-be54-4233-bd3b-f8e6a8747976&#8243; global_colors_info=&#8221;{}&#8221;][et_pb_column type=&#8221;1_2&#8243; _builder_version=&#8221;4.17.6&#8243; _module_preset=&#8221;73121f80-a3ef-4484-8763-c3f18e3c56d2&#8243; global_colors_info=&#8221;{}&#8221;][et_pb_heading title=&#8221;Unisciti alla Pioneers in Research Summer School di FBK&#8221; _builder_version=&#8221;4.27.4&#8243; _module_preset=&#8221;ddeb8c09-9078-4424-bc15-2efb6572e28e&#8221; locked=&#8221;off&#8221; global_colors_info=&#8221;{}&#8221;][\/et_pb_heading][et_pb_text _builder_version=&#8221;4.27.4&#8243; _module_preset=&#8221;2c55a9c4-feed-423b-9edb-ae0b5b365cac&#8221; locked=&#8221;off&#8221; global_colors_info=&#8221;{}&#8221;]<\/p>\n<p><span style=\"font-weight: 400;\">La\u00a0 Pioneers in Research Summer School sar\u00e0 ospitata da FBK nella sede di <\/span><strong><a href=\"https:\/\/howto.fbk.eu\/en\/documenti\/povo-office\/\" target=\"_blank\" rel=\"noopener\">Povo.<\/a><\/strong><\/p>\n<p>[\/et_pb_text][et_pb_blurb title=&#8221;Come raggiungere FBK&#8221; url=&#8221;https:\/\/www.google.it\/maps\/dir\/\/&#8221;\/@46.0670172,11.1161752,13z\/data=!4m8!4m7!1m0!1m5!1m1!1s0x478276eacb8c8351:0xd6be70e4bf0b2a08!2m2!1d11.1511194!2d46.0677149?entry=ttu&#038;g_ep=EgoyMDI1MDQxNi4xIKXMDSoASAFQAw%3D%3D&#8221; url_new_window=&#8221;on&#8221; use_icon=&#8221;on&#8221; font_icon=&#8221;&#xf784;||fa||900&#8243; icon_color=&#8221;gcid-secondary-color&#8221; _builder_version=&#8221;4.27.6&#8243; _module_preset=&#8221;1ea53d41-9439-472c-8d8b-7bddb3bf9444&#8243; hover_enabled=&#8221;0&#8243; global_colors_info=&#8221;{%22gcid-body-color%22:%91%22body_text_color%22%93,%22gcid-heading-color%22:%91%22header_text_color%22%93,%22gcid-secondary-color%22:%91%22icon_color%22%93}&#8221; header_font_size=&#8221;16px&#8221; sticky_enabled=&#8221;0&#8243;][\/et_pb_blurb][et_pb_blurb title=&#8221;Criteri di ammissione&#8221; url=&#8221;@ET-DC@eyJkeW5hbWljIjp0cnVlLCJjb250ZW50IjoicG9zdF9saW5rX3VybF9wYWdlIiwic2V0dGluZ3MiOnsicG9zdF9pZCI6IjE1In19@&#8221; use_icon=&#8221;on&#8221; font_icon=&#8221;&#xf2c2;||fa||400&#8243; icon_color=&#8221;gcid-secondary-color&#8221; _builder_version=&#8221;4.27.6&#8243; _dynamic_attributes=&#8221;url&#8221; _module_preset=&#8221;1ea53d41-9439-472c-8d8b-7bddb3bf9444&#8243; hover_enabled=&#8221;0&#8243; global_colors_info=&#8221;{%22gcid-body-color%22:%91%22body_text_color%22%93,%22gcid-heading-color%22:%91%22header_text_color%22%93,%22gcid-secondary-color%22:%91%22icon_color%22%93}&#8221; header_font_size=&#8221;16px&#8221; sticky_enabled=&#8221;0&#8243;][\/et_pb_blurb][et_pb_button button_url=&#8221;https:\/\/forms.gle\/Q1aa8LjE8mCsWHkS6&#8243; url_new_window=&#8221;on&#8221; button_text=&#8221;Candidati ora&#8221; _builder_version=&#8221;4.27.6&#8243; _module_preset=&#8221;1bffc0fc-42a0-49d1-bd9a-ae3ade2d7206&#8243; hover_enabled=&#8221;0&#8243; locked=&#8221;off&#8221; global_colors_info=&#8221;{}&#8221; sticky_enabled=&#8221;0&#8243;][\/et_pb_button][\/et_pb_column][et_pb_column type=&#8221;1_2&#8243; _builder_version=&#8221;4.17.6&#8243; _module_preset=&#8221;73121f80-a3ef-4484-8763-c3f18e3c56d2&#8243; global_colors_info=&#8221;{}&#8221;][et_pb_image src=&#8221;https:\/\/researchpioneers.fbk.eu\/wp-content\/uploads\/2026\/04\/SustainableEnergy_Franceschini_12-scaled.jpg&#8221; title_text=&#8221;SustainableEnergy_Franceschini_12&#8243; _builder_version=&#8221;4.27.6&#8243; _module_preset=&#8221;6ed8fd5c-62c5-4100-98c3-7b8b6d2c2ee6&#8243; hover_enabled=&#8221;0&#8243; box_shadow_style=&#8221;preset4&#8243; box_shadow_horizontal=&#8221;0px&#8221; box_shadow_vertical=&#8221;24px&#8221; box_shadow_blur=&#8221;72px&#8221; box_shadow_spread=&#8221;-12px&#8221; global_colors_info=&#8221;{}&#8221; sticky_enabled=&#8221;0&#8243;][\/et_pb_image][\/et_pb_column][\/et_pb_row][\/et_pb_section][et_pb_section fb_built=&#8221;1&#8243; admin_label=&#8221;Call to Action&#8221; _builder_version=&#8221;4.27.4&#8243; _module_preset=&#8221;default&#8221; use_background_color_gradient=&#8221;on&#8221; background_color_gradient_stops=&#8221;rgba(0,0,0,0.75) 0%|rgba(0,0,0,0.33) 100%&#8221; background_color_gradient_overlays_image=&#8221;on&#8221; background_image=&#8221;https:\/\/researchpioneers.fbk.eu\/wp-content\/uploads\/2025\/05\/phd-discover-trento-1024&#215;768-1.jpg&#8221; custom_padding=&#8221;5vw||5vw||true|false&#8221; locked=&#8221;off&#8221; collapsed=&#8221;on&#8221; global_colors_info=&#8221;{%22gcid-36fd78a7-34bc-404d-873c-dafa34efaae5%22:%91%22background_color%22%93}&#8221;][et_pb_row _builder_version=&#8221;4.24.3&#8243; _module_preset=&#8221;5138c454-be54-4233-bd3b-f8e6a8747976&#8243; locked=&#8221;off&#8221; global_colors_info=&#8221;{}&#8221;][et_pb_column type=&#8221;4_4&#8243; _builder_version=&#8221;4.18.0&#8243; _module_preset=&#8221;73121f80-a3ef-4484-8763-c3f18e3c56d2&#8243; global_colors_info=&#8221;{}&#8221;][et_pb_cta title=&#8221;Lasciati conquistare dal fascino della citt\u00e0 di Trento e delle sue montagne&#8221; url_new_window=&#8221;on&#8221; button_text=&#8221;Apply Now&#8221; _builder_version=&#8221;4.27.4&#8243; _module_preset=&#8221;4c2ad5d0-871e-414e-a4be-aa9134d4ae8e&#8221; header_font=&#8221;Roboto|500|||||||&#8221; custom_padding=&#8221;60px|60px|60px|60px|true|true&#8221; custom_padding_tablet=&#8221;30px|30px|30px|30px|true|true&#8221; custom_padding_phone=&#8221;20px|20px|20px|20px|true|true&#8221; custom_padding_last_edited=&#8221;on|desktop&#8221; header_font_size_phone=&#8221;22px&#8221; body_font_size_phone=&#8221;16px&#8221; text_orientation_tablet=&#8221;&#8221; text_orientation_phone=&#8221;&#8221; text_orientation_last_edited=&#8221;on|phone&#8221; locked=&#8221;off&#8221; global_colors_info=&#8221;{%22gcid-f2943306-fa6c-45f0-b632-5fc00151366a%22:%91%22button_text_color%22%93,%22gcid-36fd78a7-34bc-404d-873c-dafa34efaae5%22:%91%22button_text_color%22,%22color%22,%22background_color%22%93,%22gcid-7cadd8b3-5228-48e4-90c4-212d09232f7b%22:%91%22color%22,%22color%22,%22color%22,%22color%22%93,%22gcid-f113ad93-2527-46d7-862b-fc71181c6b5e%22:%91%22border_color_all%22,%22border_color_all%22%93}&#8221; text_font_size_tablet=&#8221;16px&#8221; text_font_size_phone=&#8221;14px&#8221; text_font_size_last_edited=&#8221;on|phone&#8221;]<\/p>\n<p><span style=\"font-weight: 400;\">Trento \u00e8 una piccola citt\u00e0 nel cuore delle Alpi e a due passi dalle maestose Dolomiti, Patrimonio dell&#8217;Umanit\u00e0 dell&#8217;UNESCO dal 2009, Trento offre un mix impareggiabile di bellezze naturali e comodit\u00e0 moderne. Questa piccola ma vivace citt\u00e0 si colloca costantemente tra le prime in Italia per qualit\u00e0 della vita, grazie al suo eccellente ecosistema urbano, al ricco patrimonio culturale e all&#8217;impegno per la sostenibilit\u00e0.<\/span><\/p>\n<p><span style=\"font-weight: 400;\">La citt\u00e0, che fa parte della Provincia Autonoma di Trento, \u00e8 un polo d&#8217;eccellenza per l&#8217;istruzione superiore, la ricerca scientifica e l&#8217;innovazione tecnologica, ed \u00e8 quindi la sede ideale per studenti e ricercatori. Trento ha ottenuto un riconoscimento globale per l&#8217;implementazione del concetto di Smart City, dove la tecnologia all&#8217;avanguardia migliora la vita quotidiana e i servizi.<\/span><\/p>\n<p><span style=\"font-weight: 400;\">Oltre all&#8217;eccellenza accademica, Trento \u00e8 un paradiso per gli amanti della vita all&#8217;aria aperta. Che si tratti di sport invernali o di trekking estivo, l&#8217;ambiente incontaminato della regione e le diverse attivit\u00e0 ricreative la rendono una destinazione ideale per gli amanti della natura. La combinazione di ricchezza culturale e apertura, influenzata dalla sua posizione storica tra le culture italiche e germaniche, rende il Trentino una delle regioni pi\u00f9 accoglienti e inclusive d&#8217;Italia.<\/span><\/p>\n<p><span style=\"font-weight: 400;\">Esplora le infinite possibilit\u00e0 che Trento e il Trentino offrono: dai percorsi di trekking mozzafiato alla vivace scena culturale, c&#8217;\u00e8 qualcosa per tutti in questo luogo straordinario.<\/span><\/p>\n<p>[\/et_pb_cta][\/et_pb_column][\/et_pb_row][\/et_pb_section][et_pb_section fb_built=&#8221;1&#8243; admin_label=&#8221;Text &#038; Image&#8221; _builder_version=&#8221;4.17.6&#8243; _module_preset=&#8221;default&#8221; custom_padding=&#8221;1px|||||&#8221; locked=&#8221;off&#8221; collapsed=&#8221;on&#8221; global_colors_info=&#8221;{}&#8221;][et_pb_row _builder_version=&#8221;4.16&#8243; _module_preset=&#8221;5138c454-be54-4233-bd3b-f8e6a8747976&#8243; locked=&#8221;off&#8221; global_colors_info=&#8221;{}&#8221;][et_pb_column type=&#8221;4_4&#8243; _builder_version=&#8221;4.16&#8243; _module_preset=&#8221;73121f80-a3ef-4484-8763-c3f18e3c56d2&#8243; global_colors_info=&#8221;{}&#8221;][et_pb_heading title=&#8221;Alloggio&#8221; _builder_version=&#8221;4.27.4&#8243; _module_preset=&#8221;c33f07d9-41e0-421a-8799-5799df695cce&#8221; title_text_align=&#8221;center&#8221; global_colors_info=&#8221;{}&#8221;][\/et_pb_heading][et_pb_text _builder_version=&#8221;4.27.4&#8243; _module_preset=&#8221;2c55a9c4-feed-423b-9edb-ae0b5b365cac&#8221; text_orientation=&#8221;center&#8221; max_width=&#8221;700px&#8221; module_alignment=&#8221;center&#8221; locked=&#8221;off&#8221; global_colors_info=&#8221;{}&#8221;]<\/p>\n<p><span style=\"font-weight: 400;\">I e le partecipanti alloggeranno a<\/span><b> Villa S. Ignazio<\/b><span style=\"font-weight: 400;\">, una residenza tranquilla e accogliente immersa nella natura, a breve distanza dal campus FBK e dal centro di Trento. <\/span><span><span style=\"font-weight: 400;\">L&#8217;alloggio per<\/span><b> le notti dall&#8217;7 all&#8217;11 settembre \u00e8 incluso nella quota della scuola estiva di 220\u20ac<\/b><span style=\"font-weight: 400;\"> e offre confortevoli camere condivise, aree comuni per lo studio, il relax e un&#8217;atmosfera unica che favorisce la comunit\u00e0 e la riflessione. Il soggiorno a Villa S. Ignazio permetter\u00e0 ai partecipanti di immergersi completamente nell&#8217;esperienza, sia dal punto di vista accademico che sociale. Per i e le partecipanti che non necessitano di alloggio, la quota di iscrizione \u00e8 di 110 euro.<\/span><br \/><\/span><\/p>\n<p>[\/et_pb_text][et_pb_image src=&#8221;https:\/\/researchpioneers.fbk.eu\/wp-content\/uploads\/2025\/04\/Villa-S.-Ignazio-e1464968305557.jpg&#8221; title_text=&#8221;Villa-S.-Ignazio-e1464968305557&#8243; align=&#8221;center&#8221; _builder_version=&#8221;4.27.4&#8243; _module_preset=&#8221;6ed8fd5c-62c5-4100-98c3-7b8b6d2c2ee6&#8243; locked=&#8221;off&#8221; global_colors_info=&#8221;{}&#8221;][\/et_pb_image][et_pb_text _builder_version=&#8221;4.27.4&#8243; _module_preset=&#8221;2c55a9c4-feed-423b-9edb-ae0b5b365cac&#8221; text_orientation=&#8221;center&#8221; max_width=&#8221;700px&#8221; module_alignment=&#8221;center&#8221; locked=&#8221;off&#8221; global_colors_info=&#8221;{}&#8221;]<\/p>\n<p><span style=\"font-weight: 400;\">\u00c8 possibile raggiungere Villa S. Ignazio prendendo la <\/span><b>linea 9 <\/b><span style=\"font-weight: 400;\">dell&#8217;autobus (che parte dalla stazione ferroviaria e passa per Corso Rosmini, Piazza Fiera, Piazza Venezia e Via della Valsugana). Scendere alla<\/span><b> fermata \u201cS. Vito\u201d<\/b><span style=\"font-weight: 400;\"> (di fronte alla pizzeria \u201c4 Stagioni\u201d). Da l\u00ec si prende la stradina in discesa accanto alla pizzeria, si attraversa il cavalcavia sopra la tangenziale e si prosegue in discesa passando davanti al Santuario della Madonna delle Laste. Dopo una ripida discesa, si arriva alla pizzeria \u201cAlle Laste\u201d. Proprio di fronte si trova il cancello rosso d&#8217;ingresso di <\/span><b>Villa S. Ignazio<\/b><span style=\"font-weight: 400;\">. L&#8217;ingresso principale si trova alla fine del viale asfaltato. <\/span><span style=\"font-weight: 400;\">La passeggiata dura circa<\/span><b> 7-8 minuti<\/b><span style=\"font-weight: 400;\">.<\/span><\/p>\n<p><span style=\"font-weight: 400;\">In alternativa, si pu\u00f2 prendere la <\/span><b>linea C<\/b><span style=\"font-weight: 400;\"> dell&#8217;autobus (un servizio di minibus disponibile solo nei giorni feriali), che parte anch&#8217;essa dalla stazione ferroviaria, attraversa Piazza Duomo, percorre Via Calepina e poi sale su Via Cervara per raggiungere <\/span><b>Piazza Madonna delle Laste<\/b><span style=\"font-weight: 400;\">. Da l\u00ec si segue la ripida discesa fino alla pizzeria \u201cAlle Laste\u201d, dove si trova l&#8217;ingresso con cancello rosso di <\/span><b>Villa S. Ignazio<\/b><span style=\"font-weight: 400;\">, proprio di fronte. L&#8217;ingresso si trova alla fine del vialetto asfaltato.<\/span><\/p>\n<p><span style=\"font-weight: 400;\">Per raggiungere la sede di FBK Povo dalla residenza di Villa S. Ignazio si pu\u00f2 prendere <\/span><b>l&#8217;autobus linea 16<\/b><span style=\"font-weight: 400;\"> sempre alla fermata \u201cS.Vito\u201d. <\/span><span style=\"font-weight: 400;\">Tutti i dettagli sono disponibili sul sito di Trentino Trasporti.<\/span><\/p>\n<p>[\/et_pb_text][\/et_pb_column][\/et_pb_row][\/et_pb_section][et_pb_section fb_built=&#8221;1&#8243; admin_label=&#8221;Call to Action&#8221; _builder_version=&#8221;4.24.2&#8243; _module_preset=&#8221;default&#8221; background_color=&#8221;gcid-primary-color&#8221; custom_padding=&#8221;38px||17px|||&#8221; locked=&#8221;off&#8221; collapsed=&#8221;on&#8221; global_colors_info=&#8221;{%22gcid-primary-color%22:%91%22background_color%22%93}&#8221;][et_pb_row column_structure=&#8221;2_3,1_3&#8243; _builder_version=&#8221;4.27.4&#8243; _module_preset=&#8221;5138c454-be54-4233-bd3b-f8e6a8747976&#8243; custom_margin=&#8221;|auto||auto|false|false&#8221; global_colors_info=&#8221;{}&#8221;][et_pb_column type=&#8221;2_3&#8243; _builder_version=&#8221;4.16.0&#8243; _module_preset=&#8221;73121f80-a3ef-4484-8763-c3f18e3c56d2&#8243; global_colors_info=&#8221;{}&#8221;][et_pb_heading title=&#8221;Hai bisogno di ulteriori informazioni?&#8221; _builder_version=&#8221;4.27.4&#8243; _module_preset=&#8221;ba4a6336-701f-47b8-bf5c-09da0ce28016&#8243; title_text_color=&#8221;#FFFFFF&#8221; locked=&#8221;off&#8221; global_colors_info=&#8221;{}&#8221;][\/et_pb_heading][\/et_pb_column][et_pb_column type=&#8221;1_3&#8243; _builder_version=&#8221;4.16.0&#8243; _module_preset=&#8221;73121f80-a3ef-4484-8763-c3f18e3c56d2&#8243; global_colors_info=&#8221;{}&#8221;][et_pb_button button_url=&#8221;mailto:fbk-pioneers@fbk.eu&#8221; button_text=&#8221;Contattateci&#8221; button_alignment=&#8221;right&#8221; button_alignment_tablet=&#8221;left&#8221; button_alignment_phone=&#8221;left&#8221; button_alignment_last_edited=&#8221;on|desktop&#8221; _builder_version=&#8221;4.27.4&#8243; _module_preset=&#8221;ab15fb74-61a3-43aa-96b3-41e09aeef654&#8243; global_colors_info=&#8221;{}&#8221;][\/et_pb_button][\/et_pb_column][\/et_pb_row][\/et_pb_section]<\/p>\n","protected":false},"excerpt":{"rendered":"<p>La\u00a0 Pioneers in Research Summer School sar\u00e0 ospitata da FBK nella sede di Povo.Trento \u00e8 una piccola citt\u00e0 nel cuore delle Alpi e a due passi dalle maestose Dolomiti, Patrimonio dell&#8217;Umanit\u00e0 dell&#8217;UNESCO dal 2009, Trento offre un mix impareggiabile di bellezze naturali e comodit\u00e0 moderne. Questa piccola ma vivace citt\u00e0 si colloca costantemente tra le [&hellip;]<\/p>\n","protected":false},"author":2,"featured_media":0,"parent":0,"menu_order":0,"comment_status":"closed","ping_status":"closed","template":"","meta":{"_et_pb_use_builder":"on","_et_pb_old_content":"","_et_gb_content_width":"","footnotes":""},"class_list":["post-263","page","type-page","status-publish","hentry"],"featured_image_src":null,"featured_image_src_square":null,"_links":{"self":[{"href":"https:\/\/researchpioneers.fbk.eu\/it\/wp-json\/wp\/v2\/pages\/263","targetHints":{"allow":["GET"]}}],"collection":[{"href":"https:\/\/researchpioneers.fbk.eu\/it\/wp-json\/wp\/v2\/pages"}],"about":[{"href":"https:\/\/researchpioneers.fbk.eu\/it\/wp-json\/wp\/v2\/types\/page"}],"author":[{"embeddable":true,"href":"https:\/\/researchpioneers.fbk.eu\/it\/wp-json\/wp\/v2\/users\/2"}],"replies":[{"embeddable":true,"href":"https:\/\/researchpioneers.fbk.eu\/it\/wp-json\/wp\/v2\/comments?post=263"}],"version-history":[{"count":0,"href":"https:\/\/researchpioneers.fbk.eu\/it\/wp-json\/wp\/v2\/pages\/263\/revisions"}],"wp:attachment":[{"href":"https:\/\/researchpioneers.fbk.eu\/it\/wp-json\/wp\/v2\/media?parent=263"}],"curies":[{"name":"wp","href":"https:\/\/api.w.org\/{rel}","templated":true}]}}